{"id":852,"date":"2025-02-20T10:38:29","date_gmt":"2025-02-20T09:38:29","guid":{"rendered":"https:\/\/hotzbero.eus\/?page_id=852"},"modified":"2025-04-09T11:32:33","modified_gmt":"2025-04-09T09:32:33","slug":"politica-de-cookies","status":"publish","type":"page","link":"https:\/\/hotzbero.eus\/es\/politica-de-cookies\/","title":{"rendered":"Cookien politika"},"content":{"rendered":"\t\t<div data-elementor-type=\"wp-page\" data-elementor-id=\"852\" class=\"elementor elementor-852 elementor-851\" data-elementor-post-type=\"page\">\n\t\t\t\t<div class=\"elementor-element elementor-element-240dfc63 e-flex e-con-boxed e-con e-parent\" data-id=\"240dfc63\" data-element_type=\"container\">\n\t\t\t\t\t<div class=\"e-con-inner\">\n\t\t\t\t<div class=\"elementor-element elementor-element-d9d6c53 elementor-widget elementor-widget-heading\" data-id=\"d9d6c53\" data-element_type=\"widget\" data-widget_type=\"heading.default\">\n\t\t\t\t<div class=\"elementor-widget-container\">\n\t\t\t\t\t<h1 class=\"elementor-heading-title elementor-size-default\">Cookien politika<\/h1>\t\t\t\t<\/div>\n\t\t\t\t<\/div>\n\t\t\t\t<div class=\"elementor-element elementor-element-4382b540 elementor-widget elementor-widget-text-editor\" data-id=\"4382b540\" data-element_type=\"widget\" data-widget_type=\"text-editor.default\">\n\t\t\t\t<div class=\"elementor-widget-container\">\n\t\t\t\t\t\t\t\t\t<h2 class=\"wp-block-heading\">Qui\u00e9nes somos<\/h2><p><strong class=\"privacy-policy-tutorial\">Texto sugerido: <\/strong>La direcci\u00f3n de nuestra web es: https:\/\/hotzbero.eus.<\/p><h2 class=\"wp-block-heading\">Comentarios<\/h2><p><span style=\"font-weight: 400;\">A trav\u00e9s de este sitio web no se recaban datos de car\u00e1cter personal de los usuarios sin su conocimiento, ni se ceden a terceros. <\/span><\/p><p><span style=\"font-weight: 400;\">Con la finalidad de ofrecerle el mejor servicio y con el objeto de facilitar el uso, se analizan el n\u00famero de p\u00e1ginas visitadas, el n\u00famero de visitas, as\u00ed como la actividad de los visitantes y su frecuencia de utilizaci\u00f3n. A estos efectos, HOTZ-BERO SL utiliza la informaci\u00f3n estad\u00edstica elaborada por el Proveedor de Servicios de Internet. <\/span><\/p><p><span style=\"font-weight: 400;\">HOTZ-BERO SL no utiliza cookies para recoger informaci\u00f3n de los usuarios, ni registra las direcciones IP de acceso. \u00danicamente se utilizan cookies propias, de sesi\u00f3n, con finalidad t\u00e9cnica (aquellas que permiten al usuario la navegaci\u00f3n a trav\u00e9s del sitio web y la utilizaci\u00f3n de las diferentes opciones y servicios que en ella existen). <\/span><\/p><p><span style=\"font-weight: 400;\">Una Cookie es un fichero que se descarga en su ordenador al acceder a determinadas p\u00e1ginas web. Las cookies permiten a una p\u00e1gina web, entre otras cosas, almacenar y recuperar informaci\u00f3n sobre los h\u00e1bitos de navegaci\u00f3n de un usuario o de su equipo y, dependiendo de la informaci\u00f3n que contenga y de la forma en que utilice su equipo, pueden utilizarse para reconocer al usuario. <\/span><\/p><p><span style=\"font-weight: 400;\">Este sitio web puede contener enlaces a sitios web de terceros, cuyas pol\u00edticas de privacidad son ajenas a HOTZ-BERO SL. Al acceder a tales sitios web usted puede decidir si acepta sus pol\u00edticas de privacidad y de cookies. Con car\u00e1cter general, si navega por internet usted puede aceptar o rechazar las cookies de terceros desde las opciones de configuraci\u00f3n de su navegador. <\/span><\/p><h2><span style=\"font-weight: 400;\">Tipos de cookies<\/span><\/h2><p><strong>SEG\u00daN LA ENTIDAD QUE LAS GESTIONE<\/strong><\/p><ul><li>COOKIES PROPIAS: Son aquellas que se env\u00edan al equipo terminal del<br>usuario desde un equipo o dominio gestionado por el propio editor y desde el que se presta el servicio<br>solicitado por el usuario.<\/li><li>COOKIES DE TERCERO<br>Son aquellas que se env\u00edan al equipo terminal del usuario desde un equipo o dominio que no es gestionado por el editor, sino por otra entidad que trata los datos obtenidos a trav\u00e9s de las cookies.<\/li><\/ul><p><strong><br>SEG\u00daN EL PLAZO DE TIEMPO QUE PERMANEZCAN <\/strong><br><strong>ACTIVADAS<\/strong><\/p><ul><li>COOKIES DE SESI\u00d3N: Son aquellas dise\u00f1adas para recabar y almacenar datos mientras el usuario accede a una p\u00e1gina web. Se suelen emplear para almacenar informaci\u00f3n que solo interesa conservar para la prestaci\u00f3n del servicio solicitado por el usuario en una sola ocasi\u00f3n (por ejemplo, una lista de productos adquiridos) y desaparecen al terminar la sesi\u00f3n.<\/li><li>COOKIES PERSISTENTES: Son aquellas en las que los datos siguen almacenados en el terminal y pueden ser accedidos y tratados durante un periodo definido por el responsable de la cookie, y que puede ir de unos minutos a varios a\u00f1os.<\/li><\/ul><p><strong><br>SEG\u00daN SU FINALIDAD<\/strong><\/p><ul><li>COOKIES T\u00c9CNICAS: Son aquellas que permiten al usuario la navegaci\u00f3n a trav\u00e9s de una p\u00e1gina web, plataforma o aplicaci\u00f3n y la utilizaci\u00f3n de las diferentes opciones o servicios que en ella existan<\/li><li>COOKIES DE PERSONALIZACI\u00d3N: Permiten aplicar caracter\u00edsticas propias para la navegaci\u00f3n del usuario por el website (Ej. idioma).<\/li><li>COOKIES DE AN\u00c1LISIS: Son aquellas que permiten al responsable de estas el seguimiento y an\u00e1lisis del comportamiento de los usuarios de los sitios web a los que est\u00e1n vinculadas, incluida la cuantificaci\u00f3n de los impactos de los anuncios. La informaci\u00f3n recogida mediante este tipo de cookies se utiliza en la medici\u00f3n de la actividad de los sitios web, aplicaci\u00f3n o plataforma, con el fin de introducir mejoras en funci\u00f3n del an\u00e1lisis de los datos de uso que hacen los usuarios del servicio.<\/li><li>COOKIES PUBLICITARIAS: Permiten al editor incluir en la p\u00e1gina web espacios publicitarios, seg\u00fan el contenido de la propia web.<\/li><li>COOKIES DE PUBLICIDAD COMPORTAMENTAL:Son aquellas que almacenan informaci\u00f3n del comportamiento de los usuarios obtenida a trav\u00e9s de la observaci\u00f3n continuada de sus h\u00e1bitos de navegaci\u00f3n, lo que permite desarrollar un perfil espec\u00edfico para mostrar publicidad en funci\u00f3n del mismo.<\/li><\/ul><p><span style=\"font-weight: 400;\"><br>Para conocer m\u00e1s informaci\u00f3n sobre el tratamiento de datos personales, le recomendamos visitar nuestro apartado \u201cPol\u00edtica de Privacidad\u201d.<\/span><\/p><p><span style=\"font-weight: 400;\">Este sitio web utiliza Cookies propias para recopilar informaci\u00f3n con la finalidad t\u00e9cnica, no se recaban ni ceden sus datos de car\u00e1cter personal sin su consentimiento.<\/span><\/p><p><span style=\"font-weight: 400;\">Asimismo, se informa que este sitio web dispone de enlaces a sitios web de terceros con pol\u00edticas de privacidad ajenas a HOTZ-BERO SL.<\/span><\/p><p><span style=\"font-weight: 400;\">Este sitio web utiliza Cookies propias y de terceros para recopilar informaci\u00f3n con la finalidad t\u00e9cnica, no se recaban ni ceden sus datos de car\u00e1cter personal sin su consentimiento.<\/span><\/p><p><span style=\"font-weight: 400;\">Asimismo, se informa que este sitio web dispone de enlaces a sitios web de terceros con pol\u00edticas de privacidad ajenas a HOTZ-BERO SL.<\/span><\/p>\t\t\t\t\t\t\t\t<\/div>\n\t\t\t\t<\/div>\n\t\t\t\t\t<\/div>\n\t\t\t\t<\/div>\n\t\t\t\t<\/div>\n\t\t","protected":false},"excerpt":{"rendered":"<p>Cookien politika Qui\u00e9nes somos Texto sugerido: La direcci\u00f3n de nuestra web es: https:\/\/hotzbero.eus. Comentarios A trav\u00e9s de este sitio web no se recaban datos de car\u00e1cter personal de los usuarios sin su conocimiento, ni se ceden a terceros. Con la finalidad de ofrecerle el mejor servicio y con el objeto de facilitar el uso, se [&hellip;]<\/p>\n","protected":false},"author":1,"featured_media":0,"parent":0,"menu_order":0,"comment_status":"closed","ping_status":"closed","template":"","meta":{"footnotes":""},"class_list":["post-852","page","type-page","status-publish","hentry"],"yoast_head":"<!-- This site is optimized with the Yoast SEO plugin v24.4 - https:\/\/yoast.com\/wordpress\/plugins\/seo\/ -->\n<title>Cookien politika : Hotz-bero<\/title>\n<meta name=\"robots\" content=\"index, follow, max-snippet:-1, max-image-preview:large, max-video-preview:-1\" \/>\n<link rel=\"canonical\" href=\"https:\/\/hotzbero.eus\/es\/politica-de-cookies\/\" \/>\n<meta property=\"og:locale\" content=\"es_ES\" \/>\n<meta property=\"og:type\" content=\"article\" \/>\n<meta property=\"og:title\" content=\"Cookien politika : Hotz-bero\" \/>\n<meta property=\"og:description\" content=\"Cookien politika Qui\u00e9nes somos Texto sugerido: La direcci\u00f3n de nuestra web es: https:\/\/hotzbero.eus. Comentarios A trav\u00e9s de este sitio web no se recaban datos de car\u00e1cter personal de los usuarios sin su conocimiento, ni se ceden a terceros. Con la finalidad de ofrecerle el mejor servicio y con el objeto de facilitar el uso, se [&hellip;]\" \/>\n<meta property=\"og:url\" content=\"https:\/\/hotzbero.eus\/es\/politica-de-cookies\/\" \/>\n<meta property=\"og:site_name\" content=\"Hotz-bero\" \/>\n<meta property=\"article:modified_time\" content=\"2025-04-09T09:32:33+00:00\" \/>\n<meta name=\"twitter:card\" content=\"summary_large_image\" \/>\n<meta name=\"twitter:label1\" content=\"Tiempo de lectura\" \/>\n\t<meta name=\"twitter:data1\" content=\"4 minutos\" \/>\n<script type=\"application\/ld+json\" class=\"yoast-schema-graph\">{\"@context\":\"https:\/\/schema.org\",\"@graph\":[{\"@type\":\"WebPage\",\"@id\":\"https:\/\/hotzbero.eus\/es\/politica-de-cookies\/\",\"url\":\"https:\/\/hotzbero.eus\/es\/politica-de-cookies\/\",\"name\":\"Cookien politika : Hotz-bero\",\"isPartOf\":{\"@id\":\"https:\/\/hotzbero.eus\/es\/#website\"},\"datePublished\":\"2025-02-20T09:38:29+00:00\",\"dateModified\":\"2025-04-09T09:32:33+00:00\",\"breadcrumb\":{\"@id\":\"https:\/\/hotzbero.eus\/es\/politica-de-cookies\/#breadcrumb\"},\"inLanguage\":\"es\",\"potentialAction\":[{\"@type\":\"ReadAction\",\"target\":[\"https:\/\/hotzbero.eus\/es\/politica-de-cookies\/\"]}]},{\"@type\":\"BreadcrumbList\",\"@id\":\"https:\/\/hotzbero.eus\/es\/politica-de-cookies\/#breadcrumb\",\"itemListElement\":[{\"@type\":\"ListItem\",\"position\":1,\"name\":\"Inicio\",\"item\":\"https:\/\/hotzbero.eus\/es\/gutaz-2\/\"},{\"@type\":\"ListItem\",\"position\":2,\"name\":\"Cookien politika\"}]},{\"@type\":\"WebSite\",\"@id\":\"https:\/\/hotzbero.eus\/es\/#website\",\"url\":\"https:\/\/hotzbero.eus\/es\/\",\"name\":\"Hotz-bero\",\"description\":\"Energia berriztagarriak oinarri, efizientzia energetikoa helburu\",\"publisher\":{\"@id\":\"https:\/\/hotzbero.eus\/es\/#organization\"},\"potentialAction\":[{\"@type\":\"SearchAction\",\"target\":{\"@type\":\"EntryPoint\",\"urlTemplate\":\"https:\/\/hotzbero.eus\/es\/?s={search_term_string}\"},\"query-input\":{\"@type\":\"PropertyValueSpecification\",\"valueRequired\":true,\"valueName\":\"search_term_string\"}}],\"inLanguage\":\"es\"},{\"@type\":\"Organization\",\"@id\":\"https:\/\/hotzbero.eus\/es\/#organization\",\"name\":\"Hotz-bero\",\"url\":\"https:\/\/hotzbero.eus\/es\/\",\"logo\":{\"@type\":\"ImageObject\",\"inLanguage\":\"es\",\"@id\":\"https:\/\/hotzbero.eus\/es\/#\/schema\/logo\/image\/\",\"url\":\"https:\/\/hotzbero.eus\/wp-content\/uploads\/2024\/10\/hotzbero.jpg\",\"contentUrl\":\"https:\/\/hotzbero.eus\/wp-content\/uploads\/2024\/10\/hotzbero.jpg\",\"width\":612,\"height\":192,\"caption\":\"Hotz-bero\"},\"image\":{\"@id\":\"https:\/\/hotzbero.eus\/es\/#\/schema\/logo\/image\/\"}}]}<\/script>\n<!-- \/ Yoast SEO plugin. -->","yoast_head_json":{"title":"Cookien politika : Hotz-bero","robots":{"index":"index","follow":"follow","max-snippet":"max-snippet:-1","max-image-preview":"max-image-preview:large","max-video-preview":"max-video-preview:-1"},"canonical":"https:\/\/hotzbero.eus\/es\/politica-de-cookies\/","og_locale":"es_ES","og_type":"article","og_title":"Cookien politika : Hotz-bero","og_description":"Cookien politika Qui\u00e9nes somos Texto sugerido: La direcci\u00f3n de nuestra web es: https:\/\/hotzbero.eus. Comentarios A trav\u00e9s de este sitio web no se recaban datos de car\u00e1cter personal de los usuarios sin su conocimiento, ni se ceden a terceros. Con la finalidad de ofrecerle el mejor servicio y con el objeto de facilitar el uso, se [&hellip;]","og_url":"https:\/\/hotzbero.eus\/es\/politica-de-cookies\/","og_site_name":"Hotz-bero","article_modified_time":"2025-04-09T09:32:33+00:00","twitter_card":"summary_large_image","twitter_misc":{"Tiempo de lectura":"4 minutos"},"schema":{"@context":"https:\/\/schema.org","@graph":[{"@type":"WebPage","@id":"https:\/\/hotzbero.eus\/es\/politica-de-cookies\/","url":"https:\/\/hotzbero.eus\/es\/politica-de-cookies\/","name":"Cookien politika : Hotz-bero","isPartOf":{"@id":"https:\/\/hotzbero.eus\/es\/#website"},"datePublished":"2025-02-20T09:38:29+00:00","dateModified":"2025-04-09T09:32:33+00:00","breadcrumb":{"@id":"https:\/\/hotzbero.eus\/es\/politica-de-cookies\/#breadcrumb"},"inLanguage":"es","potentialAction":[{"@type":"ReadAction","target":["https:\/\/hotzbero.eus\/es\/politica-de-cookies\/"]}]},{"@type":"BreadcrumbList","@id":"https:\/\/hotzbero.eus\/es\/politica-de-cookies\/#breadcrumb","itemListElement":[{"@type":"ListItem","position":1,"name":"Inicio","item":"https:\/\/hotzbero.eus\/es\/gutaz-2\/"},{"@type":"ListItem","position":2,"name":"Cookien politika"}]},{"@type":"WebSite","@id":"https:\/\/hotzbero.eus\/es\/#website","url":"https:\/\/hotzbero.eus\/es\/","name":"Hotz-bero","description":"Energia berriztagarriak oinarri, efizientzia energetikoa helburu","publisher":{"@id":"https:\/\/hotzbero.eus\/es\/#organization"},"potentialAction":[{"@type":"SearchAction","target":{"@type":"EntryPoint","urlTemplate":"https:\/\/hotzbero.eus\/es\/?s={search_term_string}"},"query-input":{"@type":"PropertyValueSpecification","valueRequired":true,"valueName":"search_term_string"}}],"inLanguage":"es"},{"@type":"Organization","@id":"https:\/\/hotzbero.eus\/es\/#organization","name":"Hotz-bero","url":"https:\/\/hotzbero.eus\/es\/","logo":{"@type":"ImageObject","inLanguage":"es","@id":"https:\/\/hotzbero.eus\/es\/#\/schema\/logo\/image\/","url":"https:\/\/hotzbero.eus\/wp-content\/uploads\/2024\/10\/hotzbero.jpg","contentUrl":"https:\/\/hotzbero.eus\/wp-content\/uploads\/2024\/10\/hotzbero.jpg","width":612,"height":192,"caption":"Hotz-bero"},"image":{"@id":"https:\/\/hotzbero.eus\/es\/#\/schema\/logo\/image\/"}}]}},"_links":{"self":[{"href":"https:\/\/hotzbero.eus\/es\/wp-json\/wp\/v2\/pages\/852","targetHints":{"allow":["GET"]}}],"collection":[{"href":"https:\/\/hotzbero.eus\/es\/wp-json\/wp\/v2\/pages"}],"about":[{"href":"https:\/\/hotzbero.eus\/es\/wp-json\/wp\/v2\/types\/page"}],"author":[{"embeddable":true,"href":"https:\/\/hotzbero.eus\/es\/wp-json\/wp\/v2\/users\/1"}],"replies":[{"embeddable":true,"href":"https:\/\/hotzbero.eus\/es\/wp-json\/wp\/v2\/comments?post=852"}],"version-history":[{"count":7,"href":"https:\/\/hotzbero.eus\/es\/wp-json\/wp\/v2\/pages\/852\/revisions"}],"predecessor-version":[{"id":1054,"href":"https:\/\/hotzbero.eus\/es\/wp-json\/wp\/v2\/pages\/852\/revisions\/1054"}],"wp:attachment":[{"href":"https:\/\/hotzbero.eus\/es\/wp-json\/wp\/v2\/media?parent=852"}],"curies":[{"name":"wp","href":"https:\/\/api.w.org\/{rel}","templated":true}]}}