{"id":840,"date":"2025-02-20T10:38:21","date_gmt":"2025-02-20T09:38:21","guid":{"rendered":"https:\/\/hotzbero.eus\/?page_id=840"},"modified":"2025-02-21T08:28:48","modified_gmt":"2025-02-21T07:28:48","slug":"aviso-legal","status":"publish","type":"page","link":"https:\/\/hotzbero.eus\/es\/aviso-legal\/","title":{"rendered":"Lege oharra"},"content":{"rendered":"\t\t<div data-elementor-type=\"wp-page\" data-elementor-id=\"840\" class=\"elementor elementor-840 elementor-483\" data-elementor-post-type=\"page\">\n\t\t\t\t<div class=\"elementor-element elementor-element-5a68acc6 e-flex e-con-boxed e-con e-parent\" data-id=\"5a68acc6\" data-element_type=\"container\">\n\t\t\t\t\t<div class=\"e-con-inner\">\n\t\t\t\t<div class=\"elementor-element elementor-element-6b5d7f8 elementor-widget elementor-widget-heading\" data-id=\"6b5d7f8\" data-element_type=\"widget\" data-widget_type=\"heading.default\">\n\t\t\t\t<div class=\"elementor-widget-container\">\n\t\t\t\t\t<h1 class=\"elementor-heading-title elementor-size-default\">Lege oharra<\/h1>\t\t\t\t<\/div>\n\t\t\t\t<\/div>\n\t\t\t\t<div class=\"elementor-element elementor-element-1f244010 elementor-widget elementor-widget-text-editor\" data-id=\"1f244010\" data-element_type=\"widget\" data-widget_type=\"text-editor.default\">\n\t\t\t\t<div class=\"elementor-widget-container\">\n\t\t\t\t\t\t\t\t\t<h2 class=\"wp-block-heading\">Qui\u00e9nes somos<\/h2><p><strong class=\"privacy-policy-tutorial\">Texto sugerido: <\/strong>La direcci\u00f3n de nuestra web es: https:\/\/hotzbero.eus.<\/p><h2 class=\"wp-block-heading\">Comentarios<\/h2><p><span style=\"font-weight: 400;\">En cumplimiento de la Ley 34\/2002, de 11 de julio, de Servicios de la Sociedad de la Informaci\u00f3n y de Comercio Electr\u00f3nico (LSSI-CE), HOTZ-BERO SL informa que es titular del sitio web. De acuerdo con la exigencia del art\u00edculo 10 de la citada Ley, HOTZ-BERO SL informa de los siguientes datos: <\/span><\/p><p>RAZ\u00d3N SOCIAL: HOTZ-BERO SL<br>NIF: B20478376<br>DOMINIO: WWW.HOTZBERO.EUS<br>DIRECCI\u00d3N POSTAL: TORREBASO PASEALEKUA 12 A,20540 ESKORIATZA(GUIP\u00daZCOA)<br>DIRECCI\u00d3N ELECTR\u00d3NICA: hotzbero@hotzbero.eus<br>TEL\u00c9FONOS: 943714796<br>No REGISTRO\/ DATOS<br>ADICIONALES: No REGISTRO\/ DATOS<br>ADICIONALES<\/p><p><span style=\"font-weight: 400;\">La navegaci\u00f3n, acceso y uso por el sitio web de HOTZ-BERO SL confiere la condici\u00f3n de usuario. <\/span><\/p><p><span style=\"font-weight: 400;\">El sitio web de HOTZ-BERO SL proporciona gran diversidad de informaci\u00f3n, servicios y datos. El usuario asume su responsabilidad en el uso correcto del sitio web. Esta responsabilidad se extender\u00e1 a:  <\/span><\/p><ul><li style=\"font-weight: 400;\" aria-level=\"1\"><span style=\"font-weight: 400;\">La veracidad y licitud de las informaciones aportadas por el usuario en los formularios extendidos por HOTZ-BERO SL para el acceso a ciertos contenidos o servicios ofrecidos por el web. <\/span><\/li><li style=\"font-weight: 400;\" aria-level=\"1\"><span style=\"font-weight: 400;\">El uso de la informaci\u00f3n, servicios y datos ofrecidos por HOTZ-BERO SL contrariamente a lo dispuesto por las presentes condiciones, la Ley, la moral, las buenas costumbres o el orden p\u00fablico, o que de cualquier otro modo puedan suponer lesi\u00f3n de los derechos de terceros o del mismo funcionamiento del sitio web. <\/span><\/li><\/ul><h2><b>Pol\u00edtica de enlaces y exenciones de responsabilidad<\/b><\/h2><p><span style=\"font-weight: 400;\">HOTZ-BERO SL no se hace responsable del contenido de los sitios web a los que el usuario pueda acceder a trav\u00e9s de los enlaces establecidos en su sitio web, siempre que no tenga conocimiento efectivo de que la actividad o la informaci\u00f3n a la que remite o recomienda es il\u00edcita o de que lesiona bienes o derechos de un tercero susceptibles de indemnizaci\u00f3n, o, en caso de tenerlo, act\u00fae con diligencia para suprimir o inutilizar el enlace correspondiente. <\/span><\/p><p><span style=\"font-weight: 400;\">Se entender\u00e1 que HOTZ-BERO SL tiene el conocimiento efectivo a que se refiere el p\u00e1rrafo anterior cuando un \u00f3rgano competente haya declarado la ilicitud de los datos, ordenado su retirada o que se imposibilite el acceso a los mismos, o se hubiera declarado la existencia de la lesi\u00f3n, y HOTZ-BERO SL conociera la correspondiente resoluci\u00f3n, sin perjuicio de los procedimientos de detecci\u00f3n y retirada de contenidos que HOTZ-BERO SL aplique en virtud de acuerdos voluntarios y de otros medios de conocimiento efectivo que pudieran establecerse.<\/span><\/p><p><span style=\"font-weight: 400;\">HOTZ-BERO SL declara haber adoptado todas las medidas necesarias para evitar cualquier da\u00f1o a los usuarios de su sitio web, que pudieran derivarse de la navegaci\u00f3n por su sitio web. En consecuencia, HOTZ-BERO SL no se hace responsable, en ning\u00fan caso, de los eventuales da\u00f1os que por la navegaci\u00f3n por Internet pudiera sufrir el usuario. Asimismo, tampoco garantizar\u00e1 la disponibilidad t\u00e9cnica, exactitud, veracidad, validez o legalidad de sitios ajenos a su propiedad a los que se pueda acceder por medio de los enlaces.   <\/span><\/p><h2><b>Modificaciones<\/b><\/h2><p><span style=\"font-weight: 400;\">HOTZ-BERO SL se reserva la facultad de efectuar, en cualquier momento y sin necesidad de previo aviso, modificaciones y actualizaciones de la informaci\u00f3n contenida en su sitio web o en la configuraci\u00f3n y presentaci\u00f3n de esta. Con objeto de mantener actualizada la informaci\u00f3n publicada, los contenidos del mismo podr\u00e1n ser modificados, corregidos, eliminados o a\u00f1adidos en cualquier momento, por cualquier forma admisible en derecho.  <\/span><\/p><p><b>Indicaci\u00f3n de precios <\/b><\/p><p><span style=\"font-weight: 400;\">En caso de que se muestren precios de productos y\/o servicios, los indicados en pantalla ser\u00e1n los vigentes en cada momento. Los precios ser\u00e1n indicados en euros y tendr\u00e1n incorporado el Impuesto sobre el Valor A\u00f1adido (IVA). En caso de que no se incorpore el IVA en el precio, se indicar\u00e1 de manera expresa y se permitir\u00e1 al usuario visualizar el precio final completo.   <\/span><\/p><p><span style=\"font-weight: 400;\">Asimismo, si fuera aplicable cualquier otro impuesto, as\u00ed se indicar\u00eda, incluyendo, en su caso, el importe de los incrementos o descuentos que sean de aplicaci\u00f3n a la oferta y los gastos adicionales que puedan repercutir al consumidor o usuario. <\/span><\/p><h2><b>Propiedad intelectual e industrial<\/b><\/h2><p><span style=\"font-weight: 400;\">HOTZ-BERO SL por s\u00ed misma o como cesionaria, es titular de todos los derechos de <\/span><\/p><p><span style=\"font-weight: 400;\">propiedad intelectual e industrial de su p\u00e1gina web, as\u00ed como de los elementos contenidos en la misma (a t\u00edtulo enunciativo, im\u00e1genes, sonido, audio, v\u00eddeo, software o textos; marcas o logotipos, combinaciones de colores, estructura y dise\u00f1o, selecci\u00f3n de materiales usados, programas de ordenador necesarios para su funcionamiento, acceso y uso, etc.), titularidad de HOTZ-BERO SL. Ser\u00e1n, por consiguiente, obras protegidas como propiedad intelectual por el ordenamiento jur\u00eddico espa\u00f1ol, si\u00e9ndoles aplicables tanto la normativa espa\u00f1ola y comunitaria en este campo, como los tratados internacionales relativos a la materia y suscritos por Espa\u00f1a.  <\/span><\/p><p><span style=\"font-weight: 400;\">Todos los derechos reservados. En virtud de lo dispuesto en la Ley de Propiedad Intelectual, quedan expresamente prohibidas la reproducci\u00f3n, la distribuci\u00f3n y la comunicaci\u00f3n p\u00fablica, incluida su modalidad de puesta a disposici\u00f3n, de la totalidad o parte de los contenidos de esta p\u00e1gina web, con fines comerciales, en cualquier soporte y por cualquier medio t\u00e9cnico, sin la autorizaci\u00f3n de HOTZ-BERO SL.  <\/span><\/p><p><span style=\"font-weight: 400;\">El usuario se compromete a respetar los derechos de Propiedad Intelectual e Industrial titularidad de HOTZ-BERO SL. Podr\u00e1 visualizar los elementos del portal e incluso imprimirlos, copiarlos y almacenarlos en el disco duro de su ordenador o en cualquier otro soporte f\u00edsico siempre y cuando sea, \u00fanica y exclusivamente, para su uso personal y privado. El usuario deber\u00e1 abstenerse de suprimir, alterar, eludir o manipular cualquier dispositivo de protecci\u00f3n o sistema de seguridad que estuviera instalado en las p\u00e1ginas de HOTZ-BERO SL.   <\/span><\/p><h2><b>Acciones legales, legislaci\u00f3n aplicable y jurisdicci\u00f3n <\/b><\/h2><p><span style=\"font-weight: 400;\">Si el usuario desea presentar una reclamaci\u00f3n, deber\u00e1 contactar mediante el correo electr\u00f3nico hotzbero@hotzbero.eus. Asimismo, HOTZ-BERO SL dispone de hojas oficiales de reclamaci\u00f3n a disposici\u00f3n de los consumidores y usuarios.  <\/span><\/p><p><span style=\"font-weight: 400;\">HOTZ-BERO SL se reserva la facultad de presentar las acciones civiles o penales que considere oportunas por la utilizaci\u00f3n indebida de su sitio web y contenidos, o por el incumplimiento de las presentes condiciones.<\/span><\/p><p><span style=\"font-weight: 400;\">La relaci\u00f3n entre el usuario y el prestador se regir\u00e1 por la normativa vigente y de aplicaci\u00f3n en el territorio espa\u00f1ol. De surgir cualquier controversia las partes podr\u00e1n someter sus conflictos a arbitraje o acudir a la jurisdicci\u00f3n ordinaria cumpliendo con las normas sobre jurisdicci\u00f3n y competencia al respecto.  <\/span><\/p>\t\t\t\t\t\t\t\t<\/div>\n\t\t\t\t<\/div>\n\t\t\t\t\t<\/div>\n\t\t\t\t<\/div>\n\t\t\t\t<\/div>\n\t\t","protected":false},"excerpt":{"rendered":"<p>Lege oharra Qui\u00e9nes somos Texto sugerido: La direcci\u00f3n de nuestra web es: https:\/\/hotzbero.eus. Comentarios En cumplimiento de la Ley 34\/2002, de 11 de julio, de Servicios de la Sociedad de la Informaci\u00f3n y de Comercio Electr\u00f3nico (LSSI-CE), HOTZ-BERO SL informa que es titular del sitio web. De acuerdo con la exigencia del art\u00edculo 10 de [&hellip;]<\/p>\n","protected":false},"author":1,"featured_media":0,"parent":0,"menu_order":0,"comment_status":"closed","ping_status":"closed","template":"","meta":{"footnotes":""},"class_list":["post-840","page","type-page","status-publish","hentry"],"yoast_head":"<!-- This site is optimized with the Yoast SEO plugin v24.4 - https:\/\/yoast.com\/wordpress\/plugins\/seo\/ -->\n<title>Lege oharra : Hotz-bero<\/title>\n<meta name=\"robots\" content=\"index, follow, max-snippet:-1, max-image-preview:large, max-video-preview:-1\" \/>\n<link rel=\"canonical\" href=\"https:\/\/hotzbero.eus\/es\/aviso-legal\/\" \/>\n<meta property=\"og:locale\" content=\"es_ES\" \/>\n<meta property=\"og:type\" content=\"article\" \/>\n<meta property=\"og:title\" content=\"Lege oharra : Hotz-bero\" \/>\n<meta property=\"og:description\" content=\"Lege oharra Qui\u00e9nes somos Texto sugerido: La direcci\u00f3n de nuestra web es: https:\/\/hotzbero.eus. Comentarios En cumplimiento de la Ley 34\/2002, de 11 de julio, de Servicios de la Sociedad de la Informaci\u00f3n y de Comercio Electr\u00f3nico (LSSI-CE), HOTZ-BERO SL informa que es titular del sitio web. De acuerdo con la exigencia del art\u00edculo 10 de [&hellip;]\" \/>\n<meta property=\"og:url\" content=\"https:\/\/hotzbero.eus\/es\/aviso-legal\/\" \/>\n<meta property=\"og:site_name\" content=\"Hotz-bero\" \/>\n<meta property=\"article:modified_time\" content=\"2025-02-21T07:28:48+00:00\" \/>\n<meta name=\"twitter:card\" content=\"summary_large_image\" \/>\n<meta name=\"twitter:label1\" content=\"Tiempo de lectura\" \/>\n\t<meta name=\"twitter:data1\" content=\"5 minutos\" \/>\n<script type=\"application\/ld+json\" class=\"yoast-schema-graph\">{\"@context\":\"https:\/\/schema.org\",\"@graph\":[{\"@type\":\"WebPage\",\"@id\":\"https:\/\/hotzbero.eus\/es\/aviso-legal\/\",\"url\":\"https:\/\/hotzbero.eus\/es\/aviso-legal\/\",\"name\":\"Lege oharra : Hotz-bero\",\"isPartOf\":{\"@id\":\"https:\/\/hotzbero.eus\/es\/#website\"},\"datePublished\":\"2025-02-20T09:38:21+00:00\",\"dateModified\":\"2025-02-21T07:28:48+00:00\",\"breadcrumb\":{\"@id\":\"https:\/\/hotzbero.eus\/es\/aviso-legal\/#breadcrumb\"},\"inLanguage\":\"es\",\"potentialAction\":[{\"@type\":\"ReadAction\",\"target\":[\"https:\/\/hotzbero.eus\/es\/aviso-legal\/\"]}]},{\"@type\":\"BreadcrumbList\",\"@id\":\"https:\/\/hotzbero.eus\/es\/aviso-legal\/#breadcrumb\",\"itemListElement\":[{\"@type\":\"ListItem\",\"position\":1,\"name\":\"Inicio\",\"item\":\"https:\/\/hotzbero.eus\/es\/gutaz-2\/\"},{\"@type\":\"ListItem\",\"position\":2,\"name\":\"Lege oharra\"}]},{\"@type\":\"WebSite\",\"@id\":\"https:\/\/hotzbero.eus\/es\/#website\",\"url\":\"https:\/\/hotzbero.eus\/es\/\",\"name\":\"Hotz-bero\",\"description\":\"Energia berriztagarriak oinarri, efizientzia energetikoa helburu\",\"publisher\":{\"@id\":\"https:\/\/hotzbero.eus\/es\/#organization\"},\"potentialAction\":[{\"@type\":\"SearchAction\",\"target\":{\"@type\":\"EntryPoint\",\"urlTemplate\":\"https:\/\/hotzbero.eus\/es\/?s={search_term_string}\"},\"query-input\":{\"@type\":\"PropertyValueSpecification\",\"valueRequired\":true,\"valueName\":\"search_term_string\"}}],\"inLanguage\":\"es\"},{\"@type\":\"Organization\",\"@id\":\"https:\/\/hotzbero.eus\/es\/#organization\",\"name\":\"Hotz-bero\",\"url\":\"https:\/\/hotzbero.eus\/es\/\",\"logo\":{\"@type\":\"ImageObject\",\"inLanguage\":\"es\",\"@id\":\"https:\/\/hotzbero.eus\/es\/#\/schema\/logo\/image\/\",\"url\":\"https:\/\/hotzbero.eus\/wp-content\/uploads\/2024\/10\/hotzbero.jpg\",\"contentUrl\":\"https:\/\/hotzbero.eus\/wp-content\/uploads\/2024\/10\/hotzbero.jpg\",\"width\":612,\"height\":192,\"caption\":\"Hotz-bero\"},\"image\":{\"@id\":\"https:\/\/hotzbero.eus\/es\/#\/schema\/logo\/image\/\"}}]}<\/script>\n<!-- \/ Yoast SEO plugin. -->","yoast_head_json":{"title":"Lege oharra : Hotz-bero","robots":{"index":"index","follow":"follow","max-snippet":"max-snippet:-1","max-image-preview":"max-image-preview:large","max-video-preview":"max-video-preview:-1"},"canonical":"https:\/\/hotzbero.eus\/es\/aviso-legal\/","og_locale":"es_ES","og_type":"article","og_title":"Lege oharra : Hotz-bero","og_description":"Lege oharra Qui\u00e9nes somos Texto sugerido: La direcci\u00f3n de nuestra web es: https:\/\/hotzbero.eus. Comentarios En cumplimiento de la Ley 34\/2002, de 11 de julio, de Servicios de la Sociedad de la Informaci\u00f3n y de Comercio Electr\u00f3nico (LSSI-CE), HOTZ-BERO SL informa que es titular del sitio web. De acuerdo con la exigencia del art\u00edculo 10 de [&hellip;]","og_url":"https:\/\/hotzbero.eus\/es\/aviso-legal\/","og_site_name":"Hotz-bero","article_modified_time":"2025-02-21T07:28:48+00:00","twitter_card":"summary_large_image","twitter_misc":{"Tiempo de lectura":"5 minutos"},"schema":{"@context":"https:\/\/schema.org","@graph":[{"@type":"WebPage","@id":"https:\/\/hotzbero.eus\/es\/aviso-legal\/","url":"https:\/\/hotzbero.eus\/es\/aviso-legal\/","name":"Lege oharra : Hotz-bero","isPartOf":{"@id":"https:\/\/hotzbero.eus\/es\/#website"},"datePublished":"2025-02-20T09:38:21+00:00","dateModified":"2025-02-21T07:28:48+00:00","breadcrumb":{"@id":"https:\/\/hotzbero.eus\/es\/aviso-legal\/#breadcrumb"},"inLanguage":"es","potentialAction":[{"@type":"ReadAction","target":["https:\/\/hotzbero.eus\/es\/aviso-legal\/"]}]},{"@type":"BreadcrumbList","@id":"https:\/\/hotzbero.eus\/es\/aviso-legal\/#breadcrumb","itemListElement":[{"@type":"ListItem","position":1,"name":"Inicio","item":"https:\/\/hotzbero.eus\/es\/gutaz-2\/"},{"@type":"ListItem","position":2,"name":"Lege oharra"}]},{"@type":"WebSite","@id":"https:\/\/hotzbero.eus\/es\/#website","url":"https:\/\/hotzbero.eus\/es\/","name":"Hotz-bero","description":"Energia berriztagarriak oinarri, efizientzia energetikoa helburu","publisher":{"@id":"https:\/\/hotzbero.eus\/es\/#organization"},"potentialAction":[{"@type":"SearchAction","target":{"@type":"EntryPoint","urlTemplate":"https:\/\/hotzbero.eus\/es\/?s={search_term_string}"},"query-input":{"@type":"PropertyValueSpecification","valueRequired":true,"valueName":"search_term_string"}}],"inLanguage":"es"},{"@type":"Organization","@id":"https:\/\/hotzbero.eus\/es\/#organization","name":"Hotz-bero","url":"https:\/\/hotzbero.eus\/es\/","logo":{"@type":"ImageObject","inLanguage":"es","@id":"https:\/\/hotzbero.eus\/es\/#\/schema\/logo\/image\/","url":"https:\/\/hotzbero.eus\/wp-content\/uploads\/2024\/10\/hotzbero.jpg","contentUrl":"https:\/\/hotzbero.eus\/wp-content\/uploads\/2024\/10\/hotzbero.jpg","width":612,"height":192,"caption":"Hotz-bero"},"image":{"@id":"https:\/\/hotzbero.eus\/es\/#\/schema\/logo\/image\/"}}]}},"_links":{"self":[{"href":"https:\/\/hotzbero.eus\/es\/wp-json\/wp\/v2\/pages\/840","targetHints":{"allow":["GET"]}}],"collection":[{"href":"https:\/\/hotzbero.eus\/es\/wp-json\/wp\/v2\/pages"}],"about":[{"href":"https:\/\/hotzbero.eus\/es\/wp-json\/wp\/v2\/types\/page"}],"author":[{"embeddable":true,"href":"https:\/\/hotzbero.eus\/es\/wp-json\/wp\/v2\/users\/1"}],"replies":[{"embeddable":true,"href":"https:\/\/hotzbero.eus\/es\/wp-json\/wp\/v2\/comments?post=840"}],"version-history":[{"count":9,"href":"https:\/\/hotzbero.eus\/es\/wp-json\/wp\/v2\/pages\/840\/revisions"}],"predecessor-version":[{"id":1055,"href":"https:\/\/hotzbero.eus\/es\/wp-json\/wp\/v2\/pages\/840\/revisions\/1055"}],"wp:attachment":[{"href":"https:\/\/hotzbero.eus\/es\/wp-json\/wp\/v2\/media?parent=840"}],"curies":[{"name":"wp","href":"https:\/\/api.w.org\/{rel}","templated":true}]}}