{"id":789,"date":"2024-10-08T15:21:05","date_gmt":"2024-10-08T13:21:05","guid":{"rendered":"https:\/\/hotzbero.eus\/contacto\/"},"modified":"2025-02-18T08:58:24","modified_gmt":"2025-02-18T07:58:24","slug":"contacto","status":"publish","type":"page","link":"https:\/\/hotzbero.eus\/es\/contacto\/","title":{"rendered":"Contacto"},"content":{"rendered":"\t\t<div data-elementor-type=\"wp-page\" data-elementor-id=\"789\" class=\"elementor elementor-789 elementor-18\" data-elementor-post-type=\"page\">\n\t\t\t\t<div class=\"elementor-element elementor-element-24c16cf6 e-flex e-con-boxed e-con e-parent\" data-id=\"24c16cf6\" data-element_type=\"container\">\n\t\t\t\t\t<div class=\"e-con-inner\">\n\t\t<div class=\"elementor-element elementor-element-71f79242 e-con-full e-flex e-con e-child\" data-id=\"71f79242\" data-element_type=\"container\">\n\t\t\t\t<div class=\"elementor-element elementor-element-562e16b elementor-widget elementor-widget-breadcrumbs\" data-id=\"562e16b\" data-element_type=\"widget\" data-widget_type=\"breadcrumbs.default\">\n\t\t\t\t<div class=\"elementor-widget-container\">\n\t\t\t\t\t<p id=\"breadcrumbs\"><span><span><a href=\"https:\/\/hotzbero.eus\/es\/gutaz-2\/\">Inicio<\/a><\/span><\/span><\/p>\t\t\t\t<\/div>\n\t\t\t\t<\/div>\n\t\t\t\t<div class=\"elementor-element elementor-element-4083a1f8 elementor-invisible elementor-widget elementor-widget-heading\" data-id=\"4083a1f8\" data-element_type=\"widget\" data-settings=\"{&quot;_animation&quot;:&quot;fadeIn&quot;}\" data-widget_type=\"heading.default\">\n\t\t\t\t<div class=\"elementor-widget-container\">\n\t\t\t\t\t<h2 class=\"elementor-heading-title elementor-size-default\">Contacto<\/h2>\t\t\t\t<\/div>\n\t\t\t\t<\/div>\n\t\t\t\t<div class=\"elementor-element elementor-element-6eec4499 elementor-widget elementor-widget-text-editor\" data-id=\"6eec4499\" data-element_type=\"widget\" data-widget_type=\"text-editor.default\">\n\t\t\t\t<div class=\"elementor-widget-container\">\n\t\t\t\t\t\t\t\t\t<h3>Trabajar contigo ser\u00eda avanzar en la eficiencia energ\u00e9tica.<\/h3><p>Ponte en contacto con nosotros a trav\u00e9s de los siguientes datos.<\/p>\t\t\t\t\t\t\t\t<\/div>\n\t\t\t\t<\/div>\n\t\t\t\t<\/div>\n\t\t<div class=\"elementor-element elementor-element-68890400 e-con-full e-flex e-con e-child\" data-id=\"68890400\" data-element_type=\"container\" data-settings=\"{&quot;background_background&quot;:&quot;classic&quot;}\">\n\t\t\t\t<\/div>\n\t\t\t\t\t<\/div>\n\t\t\t\t<\/div>\n\t\t<div class=\"elementor-element elementor-element-2696f443 e-flex e-con-boxed e-con e-parent\" data-id=\"2696f443\" data-element_type=\"container\">\n\t\t\t\t\t<div class=\"e-con-inner\">\n\t\t<div class=\"elementor-element elementor-element-11889d7b e-con-full e-flex e-con e-child\" data-id=\"11889d7b\" data-element_type=\"container\" data-settings=\"{&quot;background_background&quot;:&quot;classic&quot;}\">\n\t\t\t\t<div class=\"elementor-element elementor-element-de400a4 elementor-widget elementor-widget-image\" data-id=\"de400a4\" data-element_type=\"widget\" data-widget_type=\"image.default\">\n\t\t\t\t<div class=\"elementor-widget-container\">\n\t\t\t\t\t\t\t\t\t\t\t\t\t\t\t<img fetchpriority=\"high\" decoding=\"async\" width=\"1400\" height=\"1400\" src=\"https:\/\/hotzbero.eus\/wp-content\/uploads\/2025\/02\/kontaktua.jpg\" class=\"attachment-full size-full wp-image-600\" alt=\"\" srcset=\"https:\/\/hotzbero.eus\/wp-content\/uploads\/2025\/02\/kontaktua.jpg 1400w, https:\/\/hotzbero.eus\/wp-content\/uploads\/2025\/02\/kontaktua-300x300.jpg 300w, https:\/\/hotzbero.eus\/wp-content\/uploads\/2025\/02\/kontaktua-1024x1024.jpg 1024w, https:\/\/hotzbero.eus\/wp-content\/uploads\/2025\/02\/kontaktua-150x150.jpg 150w, https:\/\/hotzbero.eus\/wp-content\/uploads\/2025\/02\/kontaktua-768x768.jpg 768w\" sizes=\"(max-width: 1400px) 100vw, 1400px\" \/>\t\t\t\t\t\t\t\t\t\t\t\t\t\t\t<\/div>\n\t\t\t\t<\/div>\n\t\t\t\t<\/div>\n\t\t<div class=\"elementor-element elementor-element-6d81f5d7 e-con-full e-flex e-con e-child\" data-id=\"6d81f5d7\" data-element_type=\"container\">\n\t\t\t\t<div class=\"elementor-element elementor-element-6124a2a4 elementor-icon-list--layout-traditional elementor-list-item-link-full_width elementor-widget elementor-widget-icon-list\" data-id=\"6124a2a4\" data-element_type=\"widget\" data-widget_type=\"icon-list.default\">\n\t\t\t\t<div class=\"elementor-widget-container\">\n\t\t\t\t\t\t\t<ul class=\"elementor-icon-list-items\">\n\t\t\t\t\t\t\t<li class=\"elementor-icon-list-item\">\n\t\t\t\t\t\t\t\t\t\t\t<span class=\"elementor-icon-list-icon\">\n\t\t\t\t\t\t\t<svg aria-hidden=\"true\" class=\"e-font-icon-svg e-far-address-card\" viewBox=\"0 0 576 512\" xmlns=\"http:\/\/www.w3.org\/2000\/svg\"><path d=\"M528 32H48C21.5 32 0 53.5 0 80v352c0 26.5 21.5 48 48 48h480c26.5 0 48-21.5 48-48V80c0-26.5-21.5-48-48-48zm0 400H48V80h480v352zM208 256c35.3 0 64-28.7 64-64s-28.7-64-64-64-64 28.7-64 64 28.7 64 64 64zm-89.6 128h179.2c12.4 0 22.4-8.6 22.4-19.2v-19.2c0-31.8-30.1-57.6-67.2-57.6-10.8 0-18.7 8-44.8 8-26.9 0-33.4-8-44.8-8-37.1 0-67.2 25.8-67.2 57.6v19.2c0 10.6 10 19.2 22.4 19.2zM360 320h112c4.4 0 8-3.6 8-8v-16c0-4.4-3.6-8-8-8H360c-4.4 0-8 3.6-8 8v16c0 4.4 3.6 8 8 8zm0-64h112c4.4 0 8-3.6 8-8v-16c0-4.4-3.6-8-8-8H360c-4.4 0-8 3.6-8 8v16c0 4.4 3.6 8 8 8zm0-64h112c4.4 0 8-3.6 8-8v-16c0-4.4-3.6-8-8-8H360c-4.4 0-8 3.6-8 8v16c0 4.4 3.6 8 8 8z\"><\/path><\/svg>\t\t\t\t\t\t<\/span>\n\t\t\t\t\t\t\t\t\t\t<span class=\"elementor-icon-list-text\"><b>Direcci\u00f3n<\/b>:<br>Pol\u00edgono Industrial Torrebaso, 12-A<br>20540 Eskoriatza Gipuzkoa<\/span>\n\t\t\t\t\t\t\t\t\t<\/li>\n\t\t\t\t\t\t\t\t<li class=\"elementor-icon-list-item\">\n\t\t\t\t\t\t\t\t\t\t\t<span class=\"elementor-icon-list-icon\">\n\t\t\t\t\t\t\t<svg aria-hidden=\"true\" class=\"e-font-icon-svg e-far-clock\" viewBox=\"0 0 512 512\" xmlns=\"http:\/\/www.w3.org\/2000\/svg\"><path d=\"M256 8C119 8 8 119 8 256s111 248 248 248 248-111 248-248S393 8 256 8zm0 448c-110.5 0-200-89.5-200-200S145.5 56 256 56s200 89.5 200 200-89.5 200-200 200zm61.8-104.4l-84.9-61.7c-3.1-2.3-4.9-5.9-4.9-9.7V116c0-6.6 5.4-12 12-12h32c6.6 0 12 5.4 12 12v141.7l66.8 48.6c5.4 3.9 6.5 11.4 2.6 16.8L334.6 349c-3.9 5.3-11.4 6.5-16.8 2.6z\"><\/path><\/svg>\t\t\t\t\t\t<\/span>\n\t\t\t\t\t\t\t\t\t\t<span class=\"elementor-icon-list-text\"><b>Horario<\/b>:<br>Lunes-Viernes 08.30 - 14.30<\/span>\n\t\t\t\t\t\t\t\t\t<\/li>\n\t\t\t\t\t\t\t\t<li class=\"elementor-icon-list-item\">\n\t\t\t\t\t\t\t\t\t\t\t<span class=\"elementor-icon-list-icon\">\n\t\t\t\t\t\t\t<svg aria-hidden=\"true\" class=\"e-font-icon-svg e-fas-phone-alt\" viewBox=\"0 0 512 512\" xmlns=\"http:\/\/www.w3.org\/2000\/svg\"><path d=\"M497.39 361.8l-112-48a24 24 0 0 0-28 6.9l-49.6 60.6A370.66 370.66 0 0 1 130.6 204.11l60.6-49.6a23.94 23.94 0 0 0 6.9-28l-48-112A24.16 24.16 0 0 0 122.6.61l-104 24A24 24 0 0 0 0 48c0 256.5 207.9 464 464 464a24 24 0 0 0 23.4-18.6l24-104a24.29 24.29 0 0 0-14.01-27.6z\"><\/path><\/svg>\t\t\t\t\t\t<\/span>\n\t\t\t\t\t\t\t\t\t\t<span class=\"elementor-icon-list-text\"><b>Tel\u00e9fono:<\/b><br><a href=\"tel:943714796\">943 714 796<\/a><\/span>\n\t\t\t\t\t\t\t\t\t<\/li>\n\t\t\t\t\t\t\t\t<li class=\"elementor-icon-list-item\">\n\t\t\t\t\t\t\t\t\t\t\t<span class=\"elementor-icon-list-icon\">\n\t\t\t\t\t\t\t<svg aria-hidden=\"true\" class=\"e-font-icon-svg e-far-envelope\" viewBox=\"0 0 512 512\" xmlns=\"http:\/\/www.w3.org\/2000\/svg\"><path d=\"M464 64H48C21.49 64 0 85.49 0 112v288c0 26.51 21.49 48 48 48h416c26.51 0 48-21.49 48-48V112c0-26.51-21.49-48-48-48zm0 48v40.805c-22.422 18.259-58.168 46.651-134.587 106.49-16.841 13.247-50.201 45.072-73.413 44.701-23.208.375-56.579-31.459-73.413-44.701C106.18 199.465 70.425 171.067 48 152.805V112h416zM48 400V214.398c22.914 18.251 55.409 43.862 104.938 82.646 21.857 17.205 60.134 55.186 103.062 54.955 42.717.231 80.509-37.199 103.053-54.947 49.528-38.783 82.032-64.401 104.947-82.653V400H48z\"><\/path><\/svg>\t\t\t\t\t\t<\/span>\n\t\t\t\t\t\t\t\t\t\t<span class=\"elementor-icon-list-text\"><b>E-mail:<\/b><br><a href=\"mailto:hotzbero@hotzbero.eus\">hotzbero@hotzbero.eus<\/a><\/span>\n\t\t\t\t\t\t\t\t\t<\/li>\n\t\t\t\t\t\t<\/ul>\n\t\t\t\t\t\t<\/div>\n\t\t\t\t<\/div>\n\t\t\t\t<\/div>\n\t\t\t\t\t<\/div>\n\t\t\t\t<\/div>\n\t\t\t\t<\/div>\n\t\t","protected":false},"excerpt":{"rendered":"<p>Contacto Trabajar contigo ser\u00eda avanzar en la eficiencia energ\u00e9tica. Ponte en contacto con nosotros a trav\u00e9s de los siguientes datos. Direcci\u00f3n:Pol\u00edgono Industrial Torrebaso, 12-A20540 Eskoriatza Gipuzkoa Horario:Lunes-Viernes 08.30 &#8211; 14.30 Tel\u00e9fono:943 714 796 E-mail:hotzbero@hotzbero.eus<\/p>\n","protected":false},"author":1,"featured_media":0,"parent":0,"menu_order":0,"comment_status":"closed","ping_status":"closed","template":"elementor_header_footer","meta":{"footnotes":""},"class_list":["post-789","page","type-page","status-publish","hentry"],"yoast_head":"<!-- This site is optimized with the Yoast SEO plugin v24.4 - https:\/\/yoast.com\/wordpress\/plugins\/seo\/ -->\n<title>Contacto : Hotz-bero<\/title>\n<meta name=\"robots\" content=\"index, follow, max-snippet:-1, max-image-preview:large, max-video-preview:-1\" \/>\n<link rel=\"canonical\" href=\"https:\/\/hotzbero.eus\/es\/contacto\/\" \/>\n<meta property=\"og:locale\" content=\"es_ES\" \/>\n<meta property=\"og:type\" content=\"article\" \/>\n<meta property=\"og:title\" content=\"Contacto : Hotz-bero\" \/>\n<meta property=\"og:description\" content=\"Contacto Trabajar contigo ser\u00eda avanzar en la eficiencia energ\u00e9tica. Ponte en contacto con nosotros a trav\u00e9s de los siguientes datos. Direcci\u00f3n:Pol\u00edgono Industrial Torrebaso, 12-A20540 Eskoriatza Gipuzkoa Horario:Lunes-Viernes 08.30 &#8211; 14.30 Tel\u00e9fono:943 714 796 E-mail:hotzbero@hotzbero.eus\" \/>\n<meta property=\"og:url\" content=\"https:\/\/hotzbero.eus\/es\/contacto\/\" \/>\n<meta property=\"og:site_name\" content=\"Hotz-bero\" \/>\n<meta property=\"article:modified_time\" content=\"2025-02-18T07:58:24+00:00\" \/>\n<meta property=\"og:image\" content=\"https:\/\/hotzbero.eus\/wp-content\/uploads\/2025\/02\/kontaktua.jpg\" \/>\n\t<meta property=\"og:image:width\" content=\"1400\" \/>\n\t<meta property=\"og:image:height\" content=\"1400\" \/>\n\t<meta property=\"og:image:type\" content=\"image\/jpeg\" \/>\n<meta name=\"twitter:card\" content=\"summary_large_image\" \/>\n<script type=\"application\/ld+json\" class=\"yoast-schema-graph\">{\"@context\":\"https:\/\/schema.org\",\"@graph\":[{\"@type\":\"WebPage\",\"@id\":\"https:\/\/hotzbero.eus\/es\/contacto\/\",\"url\":\"https:\/\/hotzbero.eus\/es\/contacto\/\",\"name\":\"Contacto : Hotz-bero\",\"isPartOf\":{\"@id\":\"https:\/\/hotzbero.eus\/es\/#website\"},\"primaryImageOfPage\":{\"@id\":\"https:\/\/hotzbero.eus\/es\/contacto\/#primaryimage\"},\"image\":{\"@id\":\"https:\/\/hotzbero.eus\/es\/contacto\/#primaryimage\"},\"thumbnailUrl\":\"https:\/\/hotzbero.eus\/wp-content\/uploads\/2025\/02\/kontaktua.jpg\",\"datePublished\":\"2024-10-08T13:21:05+00:00\",\"dateModified\":\"2025-02-18T07:58:24+00:00\",\"breadcrumb\":{\"@id\":\"https:\/\/hotzbero.eus\/es\/contacto\/#breadcrumb\"},\"inLanguage\":\"es\",\"potentialAction\":[{\"@type\":\"ReadAction\",\"target\":[\"https:\/\/hotzbero.eus\/es\/contacto\/\"]}]},{\"@type\":\"ImageObject\",\"inLanguage\":\"es\",\"@id\":\"https:\/\/hotzbero.eus\/es\/contacto\/#primaryimage\",\"url\":\"https:\/\/hotzbero.eus\/wp-content\/uploads\/2025\/02\/kontaktua.jpg\",\"contentUrl\":\"https:\/\/hotzbero.eus\/wp-content\/uploads\/2025\/02\/kontaktua.jpg\"},{\"@type\":\"BreadcrumbList\",\"@id\":\"https:\/\/hotzbero.eus\/es\/contacto\/#breadcrumb\",\"itemListElement\":[{\"@type\":\"ListItem\",\"position\":1,\"name\":\"Inicio\",\"item\":\"https:\/\/hotzbero.eus\/es\/gutaz-2\/\"},{\"@type\":\"ListItem\",\"position\":2,\"name\":\"Contacto\"}]},{\"@type\":\"WebSite\",\"@id\":\"https:\/\/hotzbero.eus\/es\/#website\",\"url\":\"https:\/\/hotzbero.eus\/es\/\",\"name\":\"Hotz-bero\",\"description\":\"Energia berriztagarriak oinarri, efizientzia energetikoa helburu\",\"publisher\":{\"@id\":\"https:\/\/hotzbero.eus\/es\/#organization\"},\"potentialAction\":[{\"@type\":\"SearchAction\",\"target\":{\"@type\":\"EntryPoint\",\"urlTemplate\":\"https:\/\/hotzbero.eus\/es\/?s={search_term_string}\"},\"query-input\":{\"@type\":\"PropertyValueSpecification\",\"valueRequired\":true,\"valueName\":\"search_term_string\"}}],\"inLanguage\":\"es\"},{\"@type\":\"Organization\",\"@id\":\"https:\/\/hotzbero.eus\/es\/#organization\",\"name\":\"Hotz-bero\",\"url\":\"https:\/\/hotzbero.eus\/es\/\",\"logo\":{\"@type\":\"ImageObject\",\"inLanguage\":\"es\",\"@id\":\"https:\/\/hotzbero.eus\/es\/#\/schema\/logo\/image\/\",\"url\":\"https:\/\/hotzbero.eus\/wp-content\/uploads\/2024\/10\/hotzbero.jpg\",\"contentUrl\":\"https:\/\/hotzbero.eus\/wp-content\/uploads\/2024\/10\/hotzbero.jpg\",\"width\":612,\"height\":192,\"caption\":\"Hotz-bero\"},\"image\":{\"@id\":\"https:\/\/hotzbero.eus\/es\/#\/schema\/logo\/image\/\"}}]}<\/script>\n<!-- \/ Yoast SEO plugin. -->","yoast_head_json":{"title":"Contacto : Hotz-bero","robots":{"index":"index","follow":"follow","max-snippet":"max-snippet:-1","max-image-preview":"max-image-preview:large","max-video-preview":"max-video-preview:-1"},"canonical":"https:\/\/hotzbero.eus\/es\/contacto\/","og_locale":"es_ES","og_type":"article","og_title":"Contacto : Hotz-bero","og_description":"Contacto Trabajar contigo ser\u00eda avanzar en la eficiencia energ\u00e9tica. Ponte en contacto con nosotros a trav\u00e9s de los siguientes datos. Direcci\u00f3n:Pol\u00edgono Industrial Torrebaso, 12-A20540 Eskoriatza Gipuzkoa Horario:Lunes-Viernes 08.30 &#8211; 14.30 Tel\u00e9fono:943 714 796 E-mail:hotzbero@hotzbero.eus","og_url":"https:\/\/hotzbero.eus\/es\/contacto\/","og_site_name":"Hotz-bero","article_modified_time":"2025-02-18T07:58:24+00:00","og_image":[{"width":1400,"height":1400,"url":"https:\/\/hotzbero.eus\/wp-content\/uploads\/2025\/02\/kontaktua.jpg","type":"image\/jpeg"}],"twitter_card":"summary_large_image","schema":{"@context":"https:\/\/schema.org","@graph":[{"@type":"WebPage","@id":"https:\/\/hotzbero.eus\/es\/contacto\/","url":"https:\/\/hotzbero.eus\/es\/contacto\/","name":"Contacto : Hotz-bero","isPartOf":{"@id":"https:\/\/hotzbero.eus\/es\/#website"},"primaryImageOfPage":{"@id":"https:\/\/hotzbero.eus\/es\/contacto\/#primaryimage"},"image":{"@id":"https:\/\/hotzbero.eus\/es\/contacto\/#primaryimage"},"thumbnailUrl":"https:\/\/hotzbero.eus\/wp-content\/uploads\/2025\/02\/kontaktua.jpg","datePublished":"2024-10-08T13:21:05+00:00","dateModified":"2025-02-18T07:58:24+00:00","breadcrumb":{"@id":"https:\/\/hotzbero.eus\/es\/contacto\/#breadcrumb"},"inLanguage":"es","potentialAction":[{"@type":"ReadAction","target":["https:\/\/hotzbero.eus\/es\/contacto\/"]}]},{"@type":"ImageObject","inLanguage":"es","@id":"https:\/\/hotzbero.eus\/es\/contacto\/#primaryimage","url":"https:\/\/hotzbero.eus\/wp-content\/uploads\/2025\/02\/kontaktua.jpg","contentUrl":"https:\/\/hotzbero.eus\/wp-content\/uploads\/2025\/02\/kontaktua.jpg"},{"@type":"BreadcrumbList","@id":"https:\/\/hotzbero.eus\/es\/contacto\/#breadcrumb","itemListElement":[{"@type":"ListItem","position":1,"name":"Inicio","item":"https:\/\/hotzbero.eus\/es\/gutaz-2\/"},{"@type":"ListItem","position":2,"name":"Contacto"}]},{"@type":"WebSite","@id":"https:\/\/hotzbero.eus\/es\/#website","url":"https:\/\/hotzbero.eus\/es\/","name":"Hotz-bero","description":"Energia berriztagarriak oinarri, efizientzia energetikoa helburu","publisher":{"@id":"https:\/\/hotzbero.eus\/es\/#organization"},"potentialAction":[{"@type":"SearchAction","target":{"@type":"EntryPoint","urlTemplate":"https:\/\/hotzbero.eus\/es\/?s={search_term_string}"},"query-input":{"@type":"PropertyValueSpecification","valueRequired":true,"valueName":"search_term_string"}}],"inLanguage":"es"},{"@type":"Organization","@id":"https:\/\/hotzbero.eus\/es\/#organization","name":"Hotz-bero","url":"https:\/\/hotzbero.eus\/es\/","logo":{"@type":"ImageObject","inLanguage":"es","@id":"https:\/\/hotzbero.eus\/es\/#\/schema\/logo\/image\/","url":"https:\/\/hotzbero.eus\/wp-content\/uploads\/2024\/10\/hotzbero.jpg","contentUrl":"https:\/\/hotzbero.eus\/wp-content\/uploads\/2024\/10\/hotzbero.jpg","width":612,"height":192,"caption":"Hotz-bero"},"image":{"@id":"https:\/\/hotzbero.eus\/es\/#\/schema\/logo\/image\/"}}]}},"_links":{"self":[{"href":"https:\/\/hotzbero.eus\/es\/wp-json\/wp\/v2\/pages\/789","targetHints":{"allow":["GET"]}}],"collection":[{"href":"https:\/\/hotzbero.eus\/es\/wp-json\/wp\/v2\/pages"}],"about":[{"href":"https:\/\/hotzbero.eus\/es\/wp-json\/wp\/v2\/types\/page"}],"author":[{"embeddable":true,"href":"https:\/\/hotzbero.eus\/es\/wp-json\/wp\/v2\/users\/1"}],"replies":[{"embeddable":true,"href":"https:\/\/hotzbero.eus\/es\/wp-json\/wp\/v2\/comments?post=789"}],"version-history":[{"count":2,"href":"https:\/\/hotzbero.eus\/es\/wp-json\/wp\/v2\/pages\/789\/revisions"}],"predecessor-version":[{"id":800,"href":"https:\/\/hotzbero.eus\/es\/wp-json\/wp\/v2\/pages\/789\/revisions\/800"}],"wp:attachment":[{"href":"https:\/\/hotzbero.eus\/es\/wp-json\/wp\/v2\/media?parent=789"}],"curies":[{"name":"wp","href":"https:\/\/api.w.org\/{rel}","templated":true}]}}